{"id":917,"date":"2008-03-10T07:00:41","date_gmt":"2008-03-10T05:00:41","guid":{"rendered":"http:\/\/wp1020926.wp039.webpack.hosteurope.de\/d\/?page_id=917"},"modified":"2020-05-23T14:27:39","modified_gmt":"2020-05-23T12:27:39","slug":"kipa-blutenmeer","status":"publish","type":"page","link":"http:\/\/unikatissima.riamore.eu\/d\/?page_id=917","title":{"rendered":"Kipa Bl\u00fctenmeer"},"content":{"rendered":"<p><a href=\"..\/img\/jud_83.jpg\"><img loading=\"lazy\" src=\"..\/img\/jud_83.jpg\" width=\"200\" height=\"200\" alt=\"Kipa Bl\u00fcte\" class=\"alignright \n\nsize-medium\" \/><\/a> Die <em>Kipa &#8218;Bl\u00fctenmeer&#8216;<\/em> ist aus handgeh\u00e4kelten weissen Baumwollbl\u00fcten zusammengesetzt und mit <\/p>\n<p>winzigen silberfarbenen Perlen handbestickt.<\/p>\n<p>Durchmesser ca. 21 cm<\/p>\n","protected":false},"excerpt":{"rendered":"<p>Die Kipa &#8218;Bl\u00fctenmeer&#8216; ist aus handgeh\u00e4kelten weissen Baumwollbl\u00fcten zusammengesetzt und mit winzigen silberfarbenen Perlen handbestickt. Durchmesser ca. 21 cm<\/p>\n","protected":false},"author":1,"featured_media":0,"parent":865,"menu_order":0,"comment_status":"closed","ping_status":"closed","template":"","meta":[],"_links":{"self":[{"href":"http:\/\/unikatissima.riamore.eu\/d\/index.php?rest_route=\/wp\/v2\/pages\/917"}],"collection":[{"href":"http:\/\/unikatissima.riamore.eu\/d\/index.php?rest_route=\/wp\/v2\/pages"}],"about":[{"href":"http:\/\/unikatissima.riamore.eu\/d\/index.php?rest_route=\/wp\/v2\/types\/page"}],"author":[{"embeddable":true,"href":"http:\/\/unikatissima.riamore.eu\/d\/index.php?rest_route=\/wp\/v2\/users\/1"}],"replies":[{"embeddable":true,"href":"http:\/\/unikatissima.riamore.eu\/d\/index.php?rest_route=%2Fwp%2Fv2%2Fcomments&post=917"}],"version-history":[{"count":4,"href":"http:\/\/unikatissima.riamore.eu\/d\/index.php?rest_route=\/wp\/v2\/pages\/917\/revisions"}],"predecessor-version":[{"id":18596,"href":"http:\/\/unikatissima.riamore.eu\/d\/index.php?rest_route=\/wp\/v2\/pages\/917\/revisions\/18596"}],"up":[{"embeddable":true,"href":"http:\/\/unikatissima.riamore.eu\/d\/index.php?rest_route=\/wp\/v2\/pages\/865"}],"wp:attachment":[{"href":"http:\/\/unikatissima.riamore.eu\/d\/index.php?rest_route=%2Fwp%2Fv2%2Fmedia&parent=917"}],"curies":[{"name":"wp","href":"https:\/\/api.w.org\/{rel}","templated":true}]}}