{"id":914,"date":"2008-03-09T07:00:34","date_gmt":"2008-03-09T05:00:34","guid":{"rendered":"http:\/\/wp1020926.wp039.webpack.hosteurope.de\/d\/?page_id=914"},"modified":"2020-05-23T14:27:35","modified_gmt":"2020-05-23T12:27:35","slug":"kipa-blute","status":"publish","type":"page","link":"http:\/\/unikatissima.riamore.eu\/d\/?page_id=914","title":{"rendered":"Kipa Bl\u00fcte"},"content":{"rendered":"<p><a href=\"..\/img\/jud_08.jpg\"><img loading=\"lazy\" src=\"..\/img\/jud_08.jpg\" width=\"200\" height=\"200\" alt=\"Kipa Bl\u00fcte\" class=\"alignright size-medium\" \/><\/a> Die weisse <em>Kipa &#8218;Bl\u00fcte&#8216;<\/em> ist aus Baumwollgarn handgeh\u00e4kelt und mit winzigen silberfarbenen Perlen handbestickt<\/p>\n<p>Gr\u00f6\u00dfe: f\u00fcr Erwachsene<\/p>\n<p>verkauft<\/p>\n","protected":false},"excerpt":{"rendered":"<p>Die weisse Kipa &#8218;Bl\u00fcte&#8216; ist aus Baumwollgarn handgeh\u00e4kelt und mit winzigen silberfarbenen Perlen handbestickt Gr\u00f6\u00dfe: f\u00fcr Erwachsene verkauft<\/p>\n","protected":false},"author":1,"featured_media":0,"parent":865,"menu_order":0,"comment_status":"closed","ping_status":"closed","template":"","meta":[],"_links":{"self":[{"href":"http:\/\/unikatissima.riamore.eu\/d\/index.php?rest_route=\/wp\/v2\/pages\/914"}],"collection":[{"href":"http:\/\/unikatissima.riamore.eu\/d\/index.php?rest_route=\/wp\/v2\/pages"}],"about":[{"href":"http:\/\/unikatissima.riamore.eu\/d\/index.php?rest_route=\/wp\/v2\/types\/page"}],"author":[{"embeddable":true,"href":"http:\/\/unikatissima.riamore.eu\/d\/index.php?rest_route=\/wp\/v2\/users\/1"}],"replies":[{"embeddable":true,"href":"http:\/\/unikatissima.riamore.eu\/d\/index.php?rest_route=%2Fwp%2Fv2%2Fcomments&post=914"}],"version-history":[{"count":1,"href":"http:\/\/unikatissima.riamore.eu\/d\/index.php?rest_route=\/wp\/v2\/pages\/914\/revisions"}],"predecessor-version":[{"id":915,"href":"http:\/\/unikatissima.riamore.eu\/d\/index.php?rest_route=\/wp\/v2\/pages\/914\/revisions\/915"}],"up":[{"embeddable":true,"href":"http:\/\/unikatissima.riamore.eu\/d\/index.php?rest_route=\/wp\/v2\/pages\/865"}],"wp:attachment":[{"href":"http:\/\/unikatissima.riamore.eu\/d\/index.php?rest_route=%2Fwp%2Fv2%2Fmedia&parent=914"}],"curies":[{"name":"wp","href":"https:\/\/api.w.org\/{rel}","templated":true}]}}