{"id":908,"date":"2008-03-06T07:00:42","date_gmt":"2008-03-06T05:00:42","guid":{"rendered":"http:\/\/wp1020926.wp039.webpack.hosteurope.de\/d\/?page_id=908"},"modified":"2020-05-23T14:27:17","modified_gmt":"2020-05-23T12:27:17","slug":"kunstlerbuch-smakelijke-soepen","status":"publish","type":"page","link":"http:\/\/unikatissima.riamore.eu\/d\/?page_id=908","title":{"rendered":"K\u00fcnstlerbuch Smakelijke Soepen"},"content":{"rendered":"<p><a href=\"..\/img\/kun_092.jpg\"><img loading=\"lazy\" src=\"..\/img\/kun_092.jpg\" width=\"200\" height=\"200\" alt=\"K\u00fcnstlerbuch Smakelijke Soepen\" class=\"alignright size-medium\" \/><\/a> <em>Smakelijke Soepen<\/em> ist eine k\u00fcnstlerisch gestaltete Rezeptsammlung von Suppen aller Art auf selbstgef\u00e4rbtem Papier.<\/p>\n<p>Digital art, selbstgef\u00e4rbtes Papier<br \/>\nca. 10 x 30 cm<\/p>\n<p>verschenkt<\/p>\n<div class=\"clearboth\">&nbsp;<\/div>\n<p>Fisch- &#038; Gem\u00fcsesuppe, Belgische &#038; Afrikanische Suppen.<br \/>\n<a href=\"..\/img\/kun_0921.jpg\"><img loading=\"lazy\" src=\"..\/img\/kun_0921.jpg\" width=\"200\" height=\"200\" alt=\"K\u00fcnstlerbuch Smakelijke Soepen\" class=\"alignleft size-medium\" \/><\/a><br \/>\n<a href=\"..\/img\/kun_0922.jpg\"><img loading=\"lazy\" src=\"..\/img\/kun_0922.jpg\" width=\"200\" height=\"200\" alt=\"K\u00fcnstlerbuch Smakelijke Soepen\" class=\"alignnone size-medium\" \/><\/a> <\/p>\n<div class=\"clearboth\">&nbsp;<\/div>\n<p>Asiatische Suppen &#038; ein Rezept, Seiten- und R\u00fcckansicht.<br \/>\n<a href=\"..\/img\/kun_0923.jpg\"><img loading=\"lazy\" src=\"..\/img\/kun_0923.jpg\" width=\"200\" height=\"200\" alt=\"K\u00fcnstlerbuch Smakelijke Soepen\" class=\"alignleft size-medium\" \/><\/a><br \/>\n<a href=\"..\/img\/kun_0924.jpg\"><img loading=\"lazy\" src=\"..\/img\/kun_0924.jpg\" width=\"200\" height=\"200\" alt=\"K\u00fcnstlerbuch Smakelijke Soepen\" class=\"alignnone size-medium\" \/><\/a> <\/p>\n","protected":false},"excerpt":{"rendered":"<p>Smakelijke Soepen ist eine k\u00fcnstlerisch gestaltete Rezeptsammlung von Suppen aller Art auf selbstgef\u00e4rbtem Papier. Digital art, selbstgef\u00e4rbtes Papier ca. 10 x 30 cm verschenkt &nbsp; Fisch- &#038; Gem\u00fcsesuppe, Belgische &#038; Afrikanische Suppen. &nbsp; Asiatische Suppen &#038; ein Rezept, Seiten- und R\u00fcckansicht.<\/p>\n","protected":false},"author":1,"featured_media":0,"parent":863,"menu_order":0,"comment_status":"closed","ping_status":"closed","template":"","meta":[],"_links":{"self":[{"href":"http:\/\/unikatissima.riamore.eu\/d\/index.php?rest_route=\/wp\/v2\/pages\/908"}],"collection":[{"href":"http:\/\/unikatissima.riamore.eu\/d\/index.php?rest_route=\/wp\/v2\/pages"}],"about":[{"href":"http:\/\/unikatissima.riamore.eu\/d\/index.php?rest_route=\/wp\/v2\/types\/page"}],"author":[{"embeddable":true,"href":"http:\/\/unikatissima.riamore.eu\/d\/index.php?rest_route=\/wp\/v2\/users\/1"}],"replies":[{"embeddable":true,"href":"http:\/\/unikatissima.riamore.eu\/d\/index.php?rest_route=%2Fwp%2Fv2%2Fcomments&post=908"}],"version-history":[{"count":2,"href":"http:\/\/unikatissima.riamore.eu\/d\/index.php?rest_route=\/wp\/v2\/pages\/908\/revisions"}],"predecessor-version":[{"id":18593,"href":"http:\/\/unikatissima.riamore.eu\/d\/index.php?rest_route=\/wp\/v2\/pages\/908\/revisions\/18593"}],"up":[{"embeddable":true,"href":"http:\/\/unikatissima.riamore.eu\/d\/index.php?rest_route=\/wp\/v2\/pages\/863"}],"wp:attachment":[{"href":"http:\/\/unikatissima.riamore.eu\/d\/index.php?rest_route=%2Fwp%2Fv2%2Fmedia&parent=908"}],"curies":[{"name":"wp","href":"https:\/\/api.w.org\/{rel}","templated":true}]}}