{"id":904,"date":"2008-03-05T07:00:10","date_gmt":"2008-03-05T05:00:10","guid":{"rendered":"http:\/\/wp1020926.wp039.webpack.hosteurope.de\/d\/?page_id=904"},"modified":"2020-05-23T14:27:21","modified_gmt":"2020-05-23T12:27:21","slug":"kunstlerbuch-traurigkeit","status":"publish","type":"page","link":"http:\/\/unikatissima.riamore.eu\/d\/?page_id=904","title":{"rendered":"K\u00fcnstlerbuch Traurigkeit"},"content":{"rendered":"<p><a href=\"..\/img\/kun_094.jpg\"><img loading=\"lazy\" src=\"..\/img\/kun_094.jpg\" width=\"200\" height=\"200\" alt=\"K\u00fcnstlerbuch Traurigkeit\" class=\"alignright size-medium\" \/><\/a> <em>Traurigkeit<\/em> ist eine k\u00fcnstlerisch gestaltete Widmung an meinen verstorbenen Vater.<\/p>\n<p>Digital art, selbstgef\u00e4rbtes Papier<br \/>\nca. 10 x 14 cm<\/p>\n<p>nicht zu verkaufen<\/p>\n<div class=\"clearboth\">&nbsp;<\/div>\n<p>Seiten eins bis acht.<br \/>\n<a href=\"..\/img\/kun_0941.jpg\"><img loading=\"lazy\" src=\"..\/img\/kun_0941.jpg\" width=\"200\" height=\"200\" alt=\"K\u00fcnstlerbuch Traurigkeit\" class=\"alignleft size-medium\" \/><\/a><br \/>\n<a href=\"..\/img\/kun_0942.jpg\"><img loading=\"lazy\" src=\"..\/img\/kun_0942.jpg\" width=\"200\" height=\"200\" alt=\"K\u00fcnstlerbuch Traurigkeit\" class=\"alignnone size-medium\" \/><\/a> <\/p>\n<div class=\"clearboth\">&nbsp;<\/div>\n<p>Seiten neun bis vierzehn und R\u00fcckseite.<br \/>\n<a href=\"..\/img\/kun_0943.jpg\"><img loading=\"lazy\" src=\"..\/img\/kun_0943.jpg\" width=\"200\" height=\"200\" alt=\"K\u00fcnstlerbuch Traurigkeit\" class=\"alignleft size-medium\" \/><\/a><br \/>\n<a href=\"..\/img\/kun_0944.jpg\"><img loading=\"lazy\" src=\"..\/img\/kun_0944.jpg\" width=\"200\" height=\"200\" alt=\"K\u00fcnstlerbuch Traurigkeit\" class=\"alignnone size-medium\" \/><\/a> <\/p>\n","protected":false},"excerpt":{"rendered":"<p>Traurigkeit ist eine k\u00fcnstlerisch gestaltete Widmung an meinen verstorbenen Vater. Digital art, selbstgef\u00e4rbtes Papier ca. 10 x 14 cm nicht zu verkaufen &nbsp; Seiten eins bis acht. &nbsp; Seiten neun bis vierzehn und R\u00fcckseite.<\/p>\n","protected":false},"author":1,"featured_media":0,"parent":863,"menu_order":0,"comment_status":"closed","ping_status":"closed","template":"","meta":[],"_links":{"self":[{"href":"http:\/\/unikatissima.riamore.eu\/d\/index.php?rest_route=\/wp\/v2\/pages\/904"}],"collection":[{"href":"http:\/\/unikatissima.riamore.eu\/d\/index.php?rest_route=\/wp\/v2\/pages"}],"about":[{"href":"http:\/\/unikatissima.riamore.eu\/d\/index.php?rest_route=\/wp\/v2\/types\/page"}],"author":[{"embeddable":true,"href":"http:\/\/unikatissima.riamore.eu\/d\/index.php?rest_route=\/wp\/v2\/users\/1"}],"replies":[{"embeddable":true,"href":"http:\/\/unikatissima.riamore.eu\/d\/index.php?rest_route=%2Fwp%2Fv2%2Fcomments&post=904"}],"version-history":[{"count":3,"href":"http:\/\/unikatissima.riamore.eu\/d\/index.php?rest_route=\/wp\/v2\/pages\/904\/revisions"}],"predecessor-version":[{"id":18594,"href":"http:\/\/unikatissima.riamore.eu\/d\/index.php?rest_route=\/wp\/v2\/pages\/904\/revisions\/18594"}],"up":[{"embeddable":true,"href":"http:\/\/unikatissima.riamore.eu\/d\/index.php?rest_route=\/wp\/v2\/pages\/863"}],"wp:attachment":[{"href":"http:\/\/unikatissima.riamore.eu\/d\/index.php?rest_route=%2Fwp%2Fv2%2Fmedia&parent=904"}],"curies":[{"name":"wp","href":"https:\/\/api.w.org\/{rel}","templated":true}]}}