{"id":879,"date":"2008-03-21T07:00:33","date_gmt":"2008-03-21T05:00:33","guid":{"rendered":"http:\/\/wp1020926.wp039.webpack.hosteurope.de\/d\/?page_id=879"},"modified":"2020-05-23T14:26:53","modified_gmt":"2020-05-23T12:26:53","slug":"collage-feuillete","status":"publish","type":"page","link":"http:\/\/unikatissima.riamore.eu\/d\/?page_id=879","title":{"rendered":"Collage Feuillet\u00e9"},"content":{"rendered":"<p><a href=\"..\/img\/kun_015.jpg\"><img loading=\"lazy\" src=\"..\/img\/kun_015.jpg\" width=\"200\" height=\"200\" alt=\"Collage Feuillet\u00e9\" class=\"alignright size-medium\" \/><\/a> <em>Feuillet\u00e9<\/em> ist eine handbestickte Collage mit echten Bl\u00e4ttern.<\/p>\n<p>Verschiedene, z.t. handgefertigte Papiere, Garne, Bl\u00e4tter<br \/>\nca. 17,5 x 17,5 cm<\/p>\n<p>verkauft<\/p>\n<p>Um den Struktureffekt nicht zu zerst\u00f6ren, ist das Bild glaslos.<\/p>\n<div class=\"clearboth\">&nbsp;<\/div>\n<p><a href=\"..\/img\/kun_0151.jpg\"><img loading=\"lazy\" src=\"..\/img\/kun_0151.jpg\" width=\"200\" height=\"200\" alt=\"Collage Feuillet\u00e9\" class=\"alignleft size-medium\" \/><\/a> Detail mit den echten Bl\u00e4ttern und Handstickerei.<\/p>\n<div class=\"clearboth\">&nbsp;<\/div>\n<p><a href=\"..\/img\/kun_0152.jpg\"><img loading=\"lazy\" src=\"..\/img\/kun_0152.jpg\" width=\"200\" height=\"200\" alt=\"Collage Feuillet\u00e9\" class=\"alignleft size-medium\" \/><\/a> Detail mit Handstickerei, auch am Rahmen.<\/p>\n","protected":false},"excerpt":{"rendered":"<p>Feuillet\u00e9 ist eine handbestickte Collage mit echten Bl\u00e4ttern. Verschiedene, z.t. handgefertigte Papiere, Garne, Bl\u00e4tter ca. 17,5 x 17,5 cm verkauft Um den Struktureffekt nicht zu zerst\u00f6ren, ist das Bild glaslos. &nbsp; Detail mit den echten Bl\u00e4ttern und Handstickerei. &nbsp; Detail mit Handstickerei, auch am Rahmen.<\/p>\n","protected":false},"author":1,"featured_media":0,"parent":863,"menu_order":0,"comment_status":"closed","ping_status":"closed","template":"","meta":[],"_links":{"self":[{"href":"http:\/\/unikatissima.riamore.eu\/d\/index.php?rest_route=\/wp\/v2\/pages\/879"}],"collection":[{"href":"http:\/\/unikatissima.riamore.eu\/d\/index.php?rest_route=\/wp\/v2\/pages"}],"about":[{"href":"http:\/\/unikatissima.riamore.eu\/d\/index.php?rest_route=\/wp\/v2\/types\/page"}],"author":[{"embeddable":true,"href":"http:\/\/unikatissima.riamore.eu\/d\/index.php?rest_route=\/wp\/v2\/users\/1"}],"replies":[{"embeddable":true,"href":"http:\/\/unikatissima.riamore.eu\/d\/index.php?rest_route=%2Fwp%2Fv2%2Fcomments&post=879"}],"version-history":[{"count":2,"href":"http:\/\/unikatissima.riamore.eu\/d\/index.php?rest_route=\/wp\/v2\/pages\/879\/revisions"}],"predecessor-version":[{"id":18588,"href":"http:\/\/unikatissima.riamore.eu\/d\/index.php?rest_route=\/wp\/v2\/pages\/879\/revisions\/18588"}],"up":[{"embeddable":true,"href":"http:\/\/unikatissima.riamore.eu\/d\/index.php?rest_route=\/wp\/v2\/pages\/863"}],"wp:attachment":[{"href":"http:\/\/unikatissima.riamore.eu\/d\/index.php?rest_route=%2Fwp%2Fv2%2Fmedia&parent=879"}],"curies":[{"name":"wp","href":"https:\/\/api.w.org\/{rel}","templated":true}]}}