{"id":5046,"date":"2010-04-27T07:59:58","date_gmt":"2010-04-27T05:59:58","guid":{"rendered":"http:\/\/unikatissima-d.riamore.eu\/?page_id=5046"},"modified":"2022-10-25T11:22:36","modified_gmt":"2022-10-25T09:22:36","slug":"randomsquares","status":"publish","type":"page","link":"http:\/\/unikatissima.riamore.eu\/d\/?page_id=5046","title":{"rendered":"Zufallsquadrat-Mustergenerator"},"content":{"rendered":"<div class=\"links\"><a href=\"#faq\"><strong>H\u00e4ufig gestellte Fragen<\/strong><\/a> | <a href=\"#thank\"><strong>Danksagungen<\/strong><\/a> | <a href=\"#patterns\"><strong>Fertige Muster<\/strong><\/a><\/div>\n<div class=\"warn\"><em>(Der Zufallsquadrat-Mustergenerator funktioniert nicht mehr, weil Adobe den Flash Player eingestellt hat.)<\/em><br \/>&nbsp;<\/div>\n<div>(Beachte gleich rechts hier den Scrollbar, z.B. um zu den Speichern-Kn\u00f6pfen zu kommen.<br \/>\nDie Seite kann sehr lang werden und ich kann die L\u00e4nge nicht dynamisch anpassen.)<\/div>\n<p><object id='RandomSquares' classid='clsid:D27CDB6E-AE6D-11cf-96B8-444553540000' codebase='http:\/\/fpdownload.macromedia.com\/get\/flashplayer\/current\/swflash.cab' width='100%' height='600'><param name='src' value='https:\/\/www.riamore.eu\/riaRS\/RandomSquares.swf'\/><param name='flashVars' value='lang=d'\/><param name=\"allowScriptAccess\" value=\"always\"\/><embed name='RandomSquares' src='https:\/\/www.riamore.eu\/riaRS\/RandomSquares.swf' pluginspage='http:\/\/www.adobe.com\/go\/getflashplayer' width='100%' height='600' flashVars='lang=d' allowScriptAccess=\"always\"\/><\/object><\/p>\n<div class=\"clearboth\">&nbsp;<\/div>\n<p><a name=\"faq\"><\/a><br \/>\n<em><strong>H\u00e4ufig gestellte Fragen:<\/strong><\/em><\/p>\n<ul>\n<li><em><strong>Frage:<\/strong><\/em> <span class=\"question\">Wie sieht es eigentlich mit den Urheberrechten aus?<\/span><br \/>\n        <em><strong>Antwort:<\/strong><\/em><br \/>\nIch dachte mir, dass ich es einfach halte ;-)<br \/>\n<em><strong>Du darfst<\/strong><\/em><\/p>\n<ul>\n<li>Dir soviele Zufallsquadrat-Muster erstellen lassen, wie Du m\u00f6chtest,<\/li>\n<li>die Muster anpassen und variieren und<\/li>\n<li>aus den originalen oder Deinen Mustern herstellen, was Dir gef\u00e4llt;<\/li>\n<li>die hergestellten Sachen gerne verkaufen und<\/li>\n<li>gerne auf diese Seite verlinken oder<\/li>\n<li>unikatissima irgendwo erw\u00e4hnen ;)<\/li>\n<\/ul>\n<ul>\n<li><em><strong>nicht<\/strong><\/em> mit meinem Zufallsquadrat-Muster&shy;generator erstellte Zufallsquadrat-Muster verkaufen!<\/li>\n<li><em><strong>nicht<\/strong><\/em> meinen Zufallsquadrat-Muster&shy;generator auf Deiner Seite einbinden;<\/li>\n<li><em><strong>nicht<\/strong><\/em> behaupten, dass die Muster von Dir w\u00e4ren.<\/li>\n<\/ul>\n<p>&nbsp;<\/li>\n<li><em><strong>Frage:<\/strong><\/em> <span class=\"question\">Was kann ich au\u00dfer Fileth\u00e4keln und Kreuzstich noch mit den Mustern machen?<\/span><br \/>\n        <em><strong>Antwort:<\/strong><\/em><br \/>\nSolche Muster kann man mit ganz vielen Techniken &#8218;bearbeiten&#8216;, guck&#8216; mal meinen Beitrag dar\u00fcber, <a href=\"?p=2617\">was man alles mit Fileth\u00e4kel-\/Kreuzstich-Diagrammen machen kann<\/a> oder sieh&#8216; Dir z.B. die <a href=\"http:\/\/www.ravelry.com\/projects\/Lysstreif\/design-your-own-advent-calendar-mittens\" target=\"_blank\" rel=\"noopener noreferrer\">Adventshandschuhe<\/a> bei ravelry an &#8211; <em>wunder<\/em>sch\u00f6n :)<br \/>\n<br \/>&nbsp;<\/li>\n<li><em><strong>Frage:<\/strong><\/em> <span class=\"question\">Was ist das mit dem &#8218;Mustererstellung beschleunigen&#8216;?<\/span><br \/>\n        <em><strong>Antwort:<\/strong><\/em><br \/>\nWenn Du viele gro\u00dfe Zufallsquadrat-Muster erstellen l\u00e4\u00dft, kann es abh\u00e4ngig von verschiedenen technischen Gegebenheiten, die ich bei der Programmierung nicht ber\u00fccksichtigen konnte, passieren, dass Dein Rechner etwas langsamer wird.<br \/>\nAm Besten l\u00e4dst Du einfach von Zeit zu Zeit diese <a href=\"?page_id=5046\">gesamte Seite<\/a> neu. Meistens macht man das mit den Browser-Men\u00fc-Befehlen &#8218;Ansicht&#8216; => &#8218;Aktualisieren&#8216; oder so \u00e4hnlich.<br \/>&nbsp;<br \/>&nbsp;<\/li>\n<li><em><strong>Frage:<\/strong><\/em> <span class=\"question\">Das Abspeichern einer \u00dcbersicht oder eines Musters dauert manchmal ganz sch\u00f6n lange! Warum?<\/span><br \/>\n        <em><strong>Antwort:<\/strong><\/em><br \/>\nDie Antwort hat zwei Teile:<\/p>\n<ul>\n<li>Einmal h\u00e4ngt die Zeit, die der Zufallsquadrat-Muster&shy;generator zum Speichern der Diagramme ben\u00f6tigt von der Gr\u00f6\u00dfe der Grafiken ab.<\/li>\n<li>Solltest Du noch den Flash Player 9 verwenden, funktioniert zwar alles, das Abspeichern braucht aber l\u00e4nger als beim Flash Player 10.<br \/>\nSolltest Du Deinen <a href=\"http:\/\/get.adobe.com\/de\/flashplayer\/\">Flash Player aktualisieren<\/a> wollen, kannst Du das direkt bei Adobe tun.<br \/>\nWenn Du nicht weisst, welche Version Du hast, kannst Du ebenfalls bei Adobe die <a href=\"http:\/\/kb.adobe.com\/selfservice\/viewContent.do?externalId=tn_15507\">Version ausgeben lassen<\/a>.<\/li>\n<\/ul>\n<p>&nbsp;<\/li>\n<li><em><strong>Frage:<\/strong><\/em> <span class=\"question\">Meine Freundin kann gr\u00f6\u00dfere Zufallsquadrat-Muster erstellen lassen als ich. Warum?<\/span><br \/>\n        <em><strong>Antwort:<\/strong><\/em><br \/>\nDas ist abh\u00e4ngig davon, welche Flash Player Version man verwendet, Version 9 oder 10. Der Flash Player 10 kann gr\u00f6\u00dfere Zufallsquadrat-Muster erstellen.<br \/>\nSolltest Du Deinen <a href=\"http:\/\/get.adobe.com\/de\/flashplayer\/\">Flash Player aktualisieren<\/a> wollen, kannst Du das direkt bei Adobe tun.<br \/>\nWenn Du nicht weisst, welche Version Du hast, kannst Du ebenfalls bei Adobe die <a href=\"http:\/\/kb.adobe.com\/selfservice\/viewContent.do?externalId=tn_15507\">Version ausgeben lassen<\/a>.<br \/>&nbsp;<br \/>&nbsp;<\/li>\n<li><em><strong>Frage:<\/strong><\/em> <span class=\"question\">Wozu gibt es die \u00dcbersichten und die Muster? Und warum haben sie so komische Namen?<\/span><br \/>\n        <em><strong>Antwort:<\/strong><\/em><br \/>\n<img loading=\"lazy\" src=\"..\/uploads\/unikatissima_RS_15_d3O_PT.png\" alt=\"unikatissima Random Square Generator\" width=\"122\" height=\"122\" class=\"alignleft size-medium\" \/> <img loading=\"lazy\" src=\"..\/uploads\/unikatissima_RS_15_d3O_OV.png\" alt=\"unikatissima Random Square Generator\" width=\"60\" height=\"60\" class=\"alignleft size-medium\" \/> Die \u00dcbersicht ist das kleine Bild, das Muster das gro\u00dfe, nach dem man <a href=\"?p=2617\">in verschiedenen Techniken arbeiten kann<\/a>.<br \/>\nIch lasse mir gerne verschiedene Zufallsquadrat-Muster erstellen und habe dabei festgestellt, dass ich bei den eigentlichen Vorlagen nicht gut sehen kann, ob sie mir gefallen. Darum vergleiche ich immer die \u00dcbersichten und drucke mir dann die Zufallsquadrat-Muster-Vorlage mit demselben Namensk\u00fcrzel hintendran, z.B. hei\u00dft die \u00dcbersicht &#8218;unikatissima_RS_15_<em><strong>7kD<\/strong><\/em>_OV.png&#8216; (<em>OV = overview<\/em>) und die Vorlage &#8218;unikatissima_RS_15_<em><strong>7kD<\/strong><\/em>_PT.png&#8216; (<em>PT = pattern<\/em>).<br \/>\nWenn ich nur ein Viertelmuster ben\u00f6tige (z.B. wenn ich in Runden arbeite), drucke ich mir die \u00dcbersicht &#8218;unikatissima_RS_15_<em><strong>7kD<\/strong><\/em>_OVQ.png&#8216; (<em>OVQ = overview quart<\/em>) und die Vorlage &#8218;unikatissima_RS_15_<em><strong>7kD<\/strong><\/em>_PTQ.png&#8216; (<em>PTQ = pattern quart<\/em>) aus.<br \/>\nDie Borte (&#8218;unikatissima_RS_15_<em><strong>7kD<\/strong><\/em>_OVB.png&#8216; (<em>OVB = overview border<\/em>)) und das Wiederholmuster (&#8218;unikatissima_RS_15_<em><strong>7kD<\/strong><\/em>_OVR.png&#8216; (<em>OVR = overview repeated pattern<\/em>)) drucke ich eigentlich nie aus, sie helfen aber festzustellen, ob einem das Zufallsquadrat-Muster wirklich gef\u00e4llt, denn in einer oder beiden Richtungen wiederholt sieht es oft <em>ganz<\/em> anders aus, als &#8218;alleinstehend&#8216;.<br \/>\n&nbsp;<br \/>&nbsp;<\/li>\n<li><em><strong>Frage:<\/strong><\/em> <span class=\"question\">Kann ich das letzte Muster wieder zur\u00fcckholen?<\/span><br \/>\n        <em><strong>Antwort:<\/strong><\/em><br \/>\nNein. Jedes Mal, wenn Du auf &#8218;(neues) Muster erstellen&#8216; klickst, wird alles, was vorher zu sehen gewesen ist, gel\u00f6scht oder \u00fcberschrieben.<br \/>\n<em>Rein theoretisch<\/em> k\u00f6nnte das Muster erneut erscheinen, wenn Du nur oft genug neue Muster erstellst, aber mir ist das trotz bestimmt tausender generierter Muster noch nicht passiert.<br \/>\nAlso <em><strong>immer gleich alles speichern<\/strong><\/em>, wenn Dir etwas gef\u00e4llt! :))<br \/>&nbsp;<br \/>&nbsp;<\/li>\n<div class=\"clearboth\">&nbsp;<\/div>\n<p><a name=\"thank\"><\/a><br \/>\n<em><strong>Danksagungen:<\/strong><\/em><br \/>\nWie auch bei den anderen Programmen und Generatoren m\u00f6chte ich <a href=\"https:\/\/www.riamore.eu\/\">RIAmore.eu<\/a> danken.<br \/>\nAlleine h\u00e4tte ich &#8217;noch ewiger&#8216; gebraucht, um den Zufallsquadrat-Muster&shy;generator zu realisieren.<br \/>\nUnd w\u00e4re wahrscheinlich daran verzweifelt ;-))<\/p>\n<div class=\"clearboth\">&nbsp;<\/div>\n<p><a name=\"patterns\"><\/a><br \/>\n<em><strong>Fertige Muster:<\/strong><\/em><br \/>\nIm Laufe der Arbeit an meinem Zufallsquadrat-Mustergenerator habe ich nat\u00fcrlich <em>viiiele<\/em> Zufallsquadrat-Muster generieren lassen &#8211; und die meisten fand ich sch\u00f6n genug, um sie mir abzuspeichern.<br \/>\nEin paar davon stelle ich hier zur Verwendung ein. Einfach mit der rechten Maustaste draufklicken und &#8218;Bild speichern unter&#8230;&#8216; (oder so \u00e4hnlich) ausw\u00e4hlen.<br \/>\nIch empfehle, die \u00dcbersichten und die Borte sowie das Wiederholmuster jeweils mitzuspeichern!<br \/>\n<em><strong>Bitte beachte, dass Du mit dem Herunterladen meinen <a href=\"#faq\">Urheberrechts- vorgaben<\/a> zustimmst.<\/strong><\/em><\/p>\n<p>Bitte denk&#8216; dran, dass Deine St\u00fccke ziemlich anders aussehen k\u00f6nnen, wenn die jeweilige Einheit, die durch ein K\u00e4stchen repr\u00e4sentiert wird, nicht quadratisch ist!<br \/>\nEine Einheit k\u00f6nnte z.B. ein Stich, eine Masche, eine Perle usw. sein. Siehe dazu auch den Beitrag <a href=\"?p=2617\">&#8218;Was kann man mit Fileth\u00e4kel-\/Kreuzstich-Diagrammen alles machen?&#8216;<\/a>.<\/p>\n<p>Ich gebe hier &#8217;nur&#8216; ein Muster mit 15 K\u00e4stchen Breite und zwei mit 25 K\u00e4stchen Breite, gr\u00f6\u00dfere sprengen den Rahmen dieser Seite.<br \/>\nUnd ausserdem sehen sie einfach <em>alle<\/em> toll aus (naja, fast jedenfalls), soviel kann ich gar nicht anbieten ;-)<\/p>\n<p style=\"border-bottom: 1px solid #444444;\">&nbsp;<\/p>\n<p>15 K\u00e4stchen Breite<br \/>\n<img loading=\"lazy\" src=\"..\/uploads\/unikatissima_RS_15_d3O_PT.png\" alt=\"unikatissima Random Square Generator\" width=\"122\" height=\"122\" class=\"alignleft size-medium\" \/> <img loading=\"lazy\" src=\"..\/uploads\/unikatissima_RS_15_d3O_OV.png\" alt=\"unikatissima Random Square Generator\" width=\"60\" height=\"60\" class=\"alignleft size-medium\" \/> <img loading=\"lazy\" src=\"..\/uploads\/unikatissima_RS_15_d3O_PTQ.png\" alt=\"unikatissima Random Square Generator\" width=\"122\" height=\"65\" class=\"alignright size-medium\" \/> <img loading=\"lazy\" src=\"..\/uploads\/unikatissima_RS_15_d3O_OVQ.png\" alt=\"unikatissima Random Square Generator\" width=\"60\" height=\"32\" class=\"alignright size-medium\" \/><\/p>\n<div class=\"clearboth\">&nbsp;<\/div>\n<p><img loading=\"lazy\" src=\"..\/uploads\/unikatissima_RS_15_d3O_OVB.png\" alt=\"unikatissima Random Square Generator\" width=\"300\" height=\"60\" class=\"alignleft size-medium\" \/><\/p>\n<div class=\"clearboth\">&nbsp;<\/div>\n<p><img loading=\"lazy\" src=\"..\/uploads\/unikatissima_RS_15_d3O_OVR.png\" alt=\"unikatissima Random Square Generator\" width=\"300\" height=\"300\" class=\"alignleft size-medium\" \/><\/p>\n<div class=\"clearboth\">&nbsp;<\/div>\n<p style=\"border-bottom: 1px solid #444444;\">&nbsp;<\/p>\n<p>25 K\u00e4stchen Breite<br \/>\n<img loading=\"lazy\" src=\"..\/uploads\/unikatissima_RS_25_tE6_PT.png\" alt=\"unikatissima Random Square Generator\" width=\"203\" height=\"203\" class=\"alignleft size-medium\" \/> <img loading=\"lazy\" src=\"..\/uploads\/unikatissima_RS_25_tE6_OV.png\" alt=\"unikatissima Random Square Generator\" width=\"100\" height=\"100\" class=\"alignleft size-medium\" \/><\/p>\n<div class=\"clearboth\">&nbsp;<\/div>\n<p><img loading=\"lazy\" src=\"..\/uploads\/unikatissima_RS_25_tE6_PTQ.png\" alt=\"unikatissima Random Square Generator\" width=\"203\" height=\"106\" class=\"alignleft size-medium\" \/> <img loading=\"lazy\" src=\"..\/uploads\/unikatissima_RS_25_tE6_OVQ.png\" alt=\"unikatissima Random Square Generator\" width=\"100\" height=\"52\" class=\"alignleft size-medium\" \/><\/p>\n<div class=\"clearboth\">&nbsp;<\/div>\n<p><img loading=\"lazy\" src=\"..\/uploads\/unikatissima_RS_25_tE6_OVB.png\" alt=\"unikatissima Random Square Generator\" width=\"450\" height=\"90\" class=\"alignleft size-medium\" \/><\/p>\n<div class=\"clearboth\">&nbsp;<\/div>\n<p><img loading=\"lazy\" src=\"..\/uploads\/unikatissima_RS_25_tE6_OVR.png\" alt=\"unikatissima Random Square Generator\" width=\"450\" height=\"450\" class=\"alignleft size-medium\" \/><\/p>\n<div class=\"clearboth\">&nbsp;<\/div>\n<p style=\"border-bottom: 1px solid #444444;\">&nbsp;<\/p>\n<p>25 K\u00e4stchen Breite<br \/>\n<img loading=\"lazy\" src=\"..\/uploads\/unikatissima_RS_25_m8P_PT.png\" alt=\"unikatissima Random Square Generator\" width=\"203\" height=\"203\" class=\"alignleft size-medium\" \/> <img loading=\"lazy\" src=\"..\/uploads\/unikatissima_RS_25_m8P_OV.png\" alt=\"unikatissima Random Square Generator\" width=\"100\" height=\"100\" class=\"alignleft size-medium\" \/><\/p>\n<div class=\"clearboth\">&nbsp;<\/div>\n<p><img loading=\"lazy\" src=\"..\/uploads\/unikatissima_RS_25_m8P_PTQ.png\" alt=\"unikatissima Random Square Generator\" width=\"203\" height=\"106\" class=\"alignleft size-medium\" \/> <img loading=\"lazy\" src=\"..\/uploads\/unikatissima_RS_25_m8P_OVQ.png\" alt=\"unikatissima Random Square Generator\" width=\"100\" height=\"52\" class=\"alignleft size-medium\" \/><\/p>\n<div class=\"clearboth\">&nbsp;<\/div>\n<p><img loading=\"lazy\" src=\"..\/uploads\/unikatissima_RS_25_m8P_OVB.png\" alt=\"unikatissima Random Square Generator\" width=\"450\" height=\"90\" class=\"alignleft size-medium\" \/><\/p>\n<div class=\"clearboth\">&nbsp;<\/div>\n<p><img loading=\"lazy\" src=\"..\/uploads\/unikatissima_RS_25_m8P_OVR.png\" alt=\"unikatissima Random Square Generator\" width=\"450\" height=\"450\" class=\"alignleft size-medium\" \/><br \/>\n<br \/>&nbsp;<br \/>&nbsp;<\/p>\n<div class=\"clearboth\">&nbsp;<\/div>\n<\/ul>\n","protected":false},"excerpt":{"rendered":"<p>H\u00e4ufig gestellte Fragen | Danksagungen | Fertige Muster (Der Zufallsquadrat-Mustergenerator funktioniert nicht mehr, weil Adobe den Flash Player eingestellt hat.)&nbsp; (Beachte gleich rechts hier den Scrollbar, z.B. um zu den Speichern-Kn\u00f6pfen zu kommen. Die Seite kann sehr lang werden und ich kann die L\u00e4nge nicht dynamisch anpassen.) &nbsp; H\u00e4ufig gestellte Fragen: Frage: Wie sieht es &hellip; <a href=\"http:\/\/unikatissima.riamore.eu\/d\/?page_id=5046\" class=\"more-link\"><span class=\"screen-reader-text\">&#8222;Zufallsquadrat-Mustergenerator&#8220; <\/span>weiterlesen<\/a><\/p>\n","protected":false},"author":1,"featured_media":0,"parent":0,"menu_order":83,"comment_status":"closed","ping_status":"closed","template":"","meta":[],"_links":{"self":[{"href":"http:\/\/unikatissima.riamore.eu\/d\/index.php?rest_route=\/wp\/v2\/pages\/5046"}],"collection":[{"href":"http:\/\/unikatissima.riamore.eu\/d\/index.php?rest_route=\/wp\/v2\/pages"}],"about":[{"href":"http:\/\/unikatissima.riamore.eu\/d\/index.php?rest_route=\/wp\/v2\/types\/page"}],"author":[{"embeddable":true,"href":"http:\/\/unikatissima.riamore.eu\/d\/index.php?rest_route=\/wp\/v2\/users\/1"}],"replies":[{"embeddable":true,"href":"http:\/\/unikatissima.riamore.eu\/d\/index.php?rest_route=%2Fwp%2Fv2%2Fcomments&post=5046"}],"version-history":[{"count":72,"href":"http:\/\/unikatissima.riamore.eu\/d\/index.php?rest_route=\/wp\/v2\/pages\/5046\/revisions"}],"predecessor-version":[{"id":18758,"href":"http:\/\/unikatissima.riamore.eu\/d\/index.php?rest_route=\/wp\/v2\/pages\/5046\/revisions\/18758"}],"wp:attachment":[{"href":"http:\/\/unikatissima.riamore.eu\/d\/index.php?rest_route=%2Fwp%2Fv2%2Fmedia&parent=5046"}],"curies":[{"name":"wp","href":"https:\/\/api.w.org\/{rel}","templated":true}]}}