{"id":5007,"date":"2010-04-20T07:55:42","date_gmt":"2010-04-20T05:55:42","guid":{"rendered":"http:\/\/unikatissima-d.riamore.eu\/?page_id=5007"},"modified":"2022-10-25T11:23:18","modified_gmt":"2022-10-25T09:23:18","slug":"online-pythagoras-rechner","status":"publish","type":"page","link":"http:\/\/unikatissima.riamore.eu\/d\/?page_id=5007","title":{"rendered":"Online Pythagoras-Rechner"},"content":{"rendered":"<div class=\"links\"><a href=\"#faq\"><\/a><a href=\"?p=5000\"><strong>Wof\u00fcr einen Online Pythagoras-Rechner?<\/strong><\/a><br \/><a href=\"#thank\"><strong>Danksagungen<\/strong><\/a><\/div>\n<div class=\"warn\"><em>(Der Online Pythagoras-Rechner funktioniert nicht mehr, weil Adobe den Flash Player eingestellt hat.)<\/em><\/div>\n<p><object id='pythagoras' classid='clsid:D27CDB6E-AE6D-11cf-96B8-444553540000' codebase='http:\/\/fpdownload.macromedia.com\/get\/flashplayer\/current\/swflash.cab' width='100%' height='550'><param name='src' value='..\/uploads\/PythagorasCalculator.swf'\/><param name='flashVars' value='lang=d'\/><param name=\"allowScriptAccess\" value=\"always\"\/><embed name='pythagoras' src='..\/uploads\/PythagorasCalculator.swf' pluginspage='http:\/\/www.adobe.com\/go\/getflashplayer' width='100%' height='550' flashVars='lang=d' allowScriptAccess=\"always\"\/><br \/><\/object><\/p>\n<div class=\"clearboth\">&nbsp;<\/div>\n<p><a name=\"thank\"><\/a><br \/>\n<em><strong>Danksagungen:<\/strong><\/em><br \/>\nAuch dieses Mal m\u00f6chte ich wieder <a href=\"https:\/\/www.riamore.eu\/\">RIAmore.eu<\/a> danken: f\u00fcr den Zuspruch, die Unterst\u00fctzung (moralisch und fachlich ;-)) und daf\u00fcr, dass ich immer mit Fragen kommen kann :)<\/p>\n","protected":false},"excerpt":{"rendered":"<p>Wof\u00fcr einen Online Pythagoras-Rechner?Danksagungen (Der Online Pythagoras-Rechner funktioniert nicht mehr, weil Adobe den Flash Player eingestellt hat.) &nbsp; Danksagungen: Auch dieses Mal m\u00f6chte ich wieder RIAmore.eu danken: f\u00fcr den Zuspruch, die Unterst\u00fctzung (moralisch und fachlich ;-)) und daf\u00fcr, dass ich immer mit Fragen kommen kann :)<\/p>\n","protected":false},"author":1,"featured_media":0,"parent":0,"menu_order":85,"comment_status":"closed","ping_status":"closed","template":"","meta":[],"_links":{"self":[{"href":"http:\/\/unikatissima.riamore.eu\/d\/index.php?rest_route=\/wp\/v2\/pages\/5007"}],"collection":[{"href":"http:\/\/unikatissima.riamore.eu\/d\/index.php?rest_route=\/wp\/v2\/pages"}],"about":[{"href":"http:\/\/unikatissima.riamore.eu\/d\/index.php?rest_route=\/wp\/v2\/types\/page"}],"author":[{"embeddable":true,"href":"http:\/\/unikatissima.riamore.eu\/d\/index.php?rest_route=\/wp\/v2\/users\/1"}],"replies":[{"embeddable":true,"href":"http:\/\/unikatissima.riamore.eu\/d\/index.php?rest_route=%2Fwp%2Fv2%2Fcomments&post=5007"}],"version-history":[{"count":12,"href":"http:\/\/unikatissima.riamore.eu\/d\/index.php?rest_route=\/wp\/v2\/pages\/5007\/revisions"}],"predecessor-version":[{"id":18759,"href":"http:\/\/unikatissima.riamore.eu\/d\/index.php?rest_route=\/wp\/v2\/pages\/5007\/revisions\/18759"}],"wp:attachment":[{"href":"http:\/\/unikatissima.riamore.eu\/d\/index.php?rest_route=%2Fwp%2Fv2%2Fmedia&parent=5007"}],"curies":[{"name":"wp","href":"https:\/\/api.w.org\/{rel}","templated":true}]}}