{"id":2808,"date":"2009-04-24T08:05:41","date_gmt":"2009-04-24T06:05:41","guid":{"rendered":"http:\/\/unikatissima-d.riamore.eu\/?page_id=2808"},"modified":"2022-10-25T11:19:30","modified_gmt":"2022-10-25T09:19:30","slug":"zellularautomat-diagrammgenerator","status":"publish","type":"page","link":"http:\/\/unikatissima.riamore.eu\/d\/?page_id=2808","title":{"rendered":"Mustergenerator (Zellularautomat)"},"content":{"rendered":"<div class=\"links\"><a href=\"#faq\"><strong>H\u00e4ufig gestellte Fragen<\/strong><\/a> | <a href=\"#thank\"><strong>Danksagungen<\/strong><\/a><br \/><a href=\"#pattern1\"><strong>Fertig-Muster 1<\/strong><\/a> | <a href=\"#pattern2\"><strong>Fertig-Muster 2<\/strong><\/a> | <a href=\"#empty_chart\"><strong>Leerdiagramm<\/strong><\/a><\/div>\n<div class=\"warn\"><em>(Der Mustergenerator (Zellularautomat) funktioniert nicht mehr, weil Adobe den Flash Player eingestellt hat.)<\/em><\/div>\n<p><object id='CA' classid='clsid:D27CDB6E-AE6D-11cf-96B8-444553540000' codebase='http:\/\/fpdownload.macromedia.com\/get\/flashplayer\/current\/swflash.cab' width='100%' height='550'><param name='src' value='http:\/\/www.riamore.eu\/riaCA\/CA.swf'\/><param name='flashVars' value='lang=d'\/><param name=\"allowScriptAccess\" value=\"always\"\/><embed name='CA' src='http:\/\/www.riamore.eu\/riaCA\/CA.swf' pluginspage='http:\/\/www.adobe.com\/go\/getflashplayer' width='100%' height='550' flashVars='lang=d' allowScriptAccess=\"always\"\/><\/object><\/p>\n<div class=\"clearboth\">&nbsp;<\/div>\n<p><a name=\"faq\"><\/a><br \/>\n<em><strong>H\u00e4ufig gestellte Fragen:<\/strong><\/em><\/p>\n<ul>\n<li><em><strong>Frage:<\/strong><\/em> <span class=\"question\">Wie sieht es eigentlich mit den Urheberrechten aus?<\/span><br \/>\n        <em><strong>Antwort:<\/strong><\/em><br \/>\nIch dachte mir, dass ich es einfach halte ;-)<br \/>\n<em><strong>Du darfst<\/strong><\/em><\/p>\n<ul>\n<li>Dir soviele Muster erstellen lassen, wie Du m\u00f6chtest,<\/li>\n<li>die Muster anpassen und variieren und<\/li>\n<li>aus den originalen oder Deinen Mustern herstellen, was Dir gef\u00e4llt;<\/li>\n<li>die hergestellten Sachen gerne verkaufen und<\/li>\n<li>gerne auf diese Seite verlinken oder<\/li>\n<li>unikatissima irgendwo erw\u00e4hnen ;)<\/li>\n<\/ul>\n<ul>\n<li><em><strong>nicht<\/strong><\/em> mit meinem Mustergenerator erstellte Muster verkaufen!<\/li>\n<li><em><strong>nicht<\/strong><\/em> meinen Mustergenerator auf Deiner Seite einbinden;<\/li>\n<li><em><strong>nicht<\/strong><\/em> behaupten, dass die Muster von Dir w\u00e4ren.<\/li>\n<\/ul>\n<p>&nbsp;<br \/>&nbsp;<\/li>\n<li><em><strong>Frage:<\/strong><\/em> <span class=\"question\">Wenn ich eine gerade Zahl an K\u00e4stchen eingebe, macht mir der Mustergenerator ein K\u00e4stchen mehr. Warum?<\/span><br \/>\n        <em><strong>Antwort:<\/strong><\/em>\n\t<\/li>\n<li>Das Muster l\u00e4sst sich nur in ungeraden Breiten erstellen, deshalb habe ich bei gerader Eingabe ein K\u00e4stchen hinzugef\u00fcgt.<\/li>\n<p>&nbsp;<\/p>\n<li><em><strong>Frage:<\/strong><\/em> <span class=\"question\">Das Abspeichern der \u00dcbersicht oder des Musters dauert manchmal ganz sch\u00f6n lange! Warum?<\/span><br \/>\n        <em><strong>Antwort:<\/strong><\/em><br \/>\nDie Antwort hat zwei Teile:<\/p>\n<ul>\n<li>Einmal h\u00e4ngt die Zeit, die der Mustergenerator zum Speichern der Diagramme ben\u00f6tigt von der Gr\u00f6\u00dfe der Grafiken ab.<\/li>\n<li>Solltest Du noch den Flash Player 9 verwenden, funktioniert zwar alles, das Abspeichern braucht aber l\u00e4nger als beim Flash Player 10.<br \/>\nSolltest Du Deinen <a href=\"http:\/\/get.adobe.com\/de\/flashplayer\/\">Flash Player aktualisieren<\/a> wollen, kannst Du das direkt bei Adobe tun.<br \/>\nWenn Du nicht weisst, welche Version Du hast, kannst Du ebenfalls bei Adobe die <a href=\"http:\/\/kb.adobe.com\/selfservice\/viewContent.do?externalId=tn_15507\">Version ausgeben lassen<\/a>.<\/li>\n<\/ul>\n<p>&nbsp;<\/li>\n<li><em><strong>Frage:<\/strong><\/em> <span class=\"question\">Meine Freundin kann gr\u00f6\u00dfere Muster erstellen lassen als ich. Warum?<\/span><br \/>\n        <em><strong>Antwort:<\/strong><\/em><br \/>\nDas ist abh\u00e4ngig davon, welche Flash Player Version man verwendet, Version 9 oder 10. Der Flash Player 10 kann gr\u00f6\u00dfere Muster erstellen.<br \/>\nSolltest Du Deinen <a href=\"http:\/\/get.adobe.com\/de\/flashplayer\/\">Flash Player aktualisieren<\/a> wollen, kannst Du das direkt bei Adobe tun.<br \/>\nWenn Du nicht weisst, welche Version Du hast, kannst Du ebenfalls bei Adobe die <a href=\"http:\/\/kb.adobe.com\/selfservice\/viewContent.do?externalId=tn_15507\">Version ausgeben lassen<\/a>.<br \/>&nbsp;<br \/>&nbsp;<\/li>\n<li><em><strong>Frage:<\/strong><\/em> <span class=\"question\">Wozu gibt es die Muster-\u00dcbersicht und das Muster?<\/span><br \/>\n        <em><strong>Antwort:<\/strong><\/em><br \/>\n<img loading=\"lazy\" src=\"..\/uploads\/unikatissima_CA57_pattern.png\" alt=\"unikatissima Cellular Automaton Generator\" width=\"120\" height=\"120\" class=\"alignleft size-medium\" \/> <img loading=\"lazy\" src=\"..\/uploads\/unikatissima_CA57.png\" alt=\"unikatissima Cellular Automaton Generator\" width=\"34\" height=\"34\" class=\"alignleft size-medium\" \/> Die \u00dcbersicht ist das kleine Bild, das Muster das gro\u00dfe, nach dem man <a href=\"?p=2617\">in verschiedenen Techniken arbeiten kann<\/a>.<br \/>\nIch lasse mir gerne verschiedene Muster erstellen und habe dabei festgestellt, dass ich bei den eigentlichen Vorlagen nicht gut sehen kann, ob sie mir gefallen. Darum vergleiche ich immer die \u00dcbersichten und drucke mir dann die Muster-Vorlage mit demselben Namensk\u00fcrzel hintendran, z.B. hei\u00dft die \u00dcbersicht &#8218;unikatissima_CA57_<em><strong>7kD<\/strong><\/em>.png&#8216; und die Vorlage &#8218;unikatissima_CA57_pattern_<em><strong>7kD<\/strong><\/em>.png&#8216;.<br \/>&nbsp;<br \/>&nbsp;<\/li>\n<li><em><strong>Frage:<\/strong><\/em> <span class=\"question\">Die Bilder, die ich abspeichere, haben so komische Namen. Warum?<\/span><br \/>\n        <em><strong>Antwort:<\/strong><\/em><br \/>\n<img loading=\"lazy\" src=\"..\/uploads\/unikatissima_CA57_pattern.png\" alt=\"unikatissima Cellular Automaton Generator\" width=\"120\" height=\"120\" class=\"alignleft size-medium\" \/> <img loading=\"lazy\" src=\"..\/uploads\/unikatissima_CA57.png\" alt=\"unikatissima Cellular Automaton Generator\" width=\"34\" height=\"34\" class=\"alignleft size-medium\" \/> Die \u00dcbersicht, das ist das kleine Bild, hei\u00dft immer &#8218;unikatissima_CA++_***.png&#8216;, wobei &#8218;++&#8216; f\u00fcr die Nummer der &#8218;rule&#8216; und  &#8218;***&#8216; f\u00fcr eine beliebige Buchstaben-\/Ziffernkombination steht.<br \/>\nDas Muster, das gr\u00f6\u00dfere Bild nach dem man <a href=\"?p=2617\">in verschiedenen Techniken arbeiten kann<\/a> hei\u00dft immer &#8218;unikatissima_CA++_pattern_***.png&#8216;, wobei &#8218;++&#8216; f\u00fcr dieselbe &#8218;rule&#8216;-Nummer und &#8218;***&#8216; f\u00fcr dieselbe beliebige Buchstaben-\/Ziffernkombination steht wie sie die \u00dcbersicht hat. Z.B. hei\u00dft die \u00dcbersicht &#8218;unikatissima_<em><strong>CA57<\/strong><\/em>_<em><strong>7kD<\/strong><\/em>.png&#8216; und die Vorlage &#8218;unikatissima_<em><strong>CA57<\/strong><\/em>_pattern_<em><strong>7kD<\/strong><\/em>.png&#8216;.<br \/>\nDamit lassen sich beide leicht einander zuordnen, wenn man sich ein sch\u00f6nes Muster herausgesucht hat.<br \/>&nbsp;<br \/>&nbsp;<\/li>\n<div class=\"clearboth\">&nbsp;<\/div>\n<p><a name=\"thank\"><\/a><br \/>\n<em><strong>Danksagungen:<\/strong><\/em>\n<\/ul>\n<ul>\n<li>Wieder m\u00f6chte ich <a href=\"http:\/\/www.riamore.eu\/\">RIAmore.eu<\/a> danken.<br \/>\nSie waren eine riesige Hilfe bei der Erstellung dieser (hoffentlich ;-)) Rich Internet Application.<\/li>\n<li>Ausserdem ein Danke an alle, die versucht haben, zu erkl\u00e4ren, was ein Zellularautomat ist.<br \/>\nDass ich es nicht wirklich verstanden habe, liegt vermutlich an mir ;-))<\/li>\n<\/ul>\n<div class=\"clearboth\">&nbsp;<\/div>\n<p><a name=\"pattern1\"><\/a><br \/>\n<em><strong>Fertige Muster:<\/strong><\/em><br \/>\nIch finde, dass einige der erstellten Muster <em>fast<\/em> gut aussehen, dass ich sie so, wie sie sind aber nicht arbeiten m\u00f6chte.<br \/>\nDarum stelle ich hier noch vor, wie es aussehen kann, wenn man Muster nacharbeitet.<\/p>\n<div class=\"clearboth\">&nbsp;<\/div>\n<p><strong>Muster 1:<\/strong><br \/>\n<img loading=\"lazy\" src=\"..\/uploads\/unikatissima_CA_orig.png\" alt=\"unikatissima Cellular Automaton Generator\" width=\"204\" height=\"200\" class=\"alignleft size-medium\" \/> Dieses Muster fand ich ziemlich sch\u00f6n, aber der schwarze Streifen in der Mitte ist mir zu breit und die weissen Streifen auf Dauer zu langweilig.<br \/>\nAusserdem w\u00fcrde, wenn man davon mehrere Musters\u00e4tze nebeneinander arbeitet, noch ein weisser, langweiliger Streifen entstehen, was mir auch nicht gefiel.<\/p>\n<div class=\"clearboth\">&nbsp;<\/div>\n<p><img loading=\"lazy\" src=\"..\/uploads\/unikatissima_CA_pw.png\" alt=\"unikatissima Cellular Automaton Generator\" width=\"204\" height=\"200\" class=\"alignleft size-medium\" \/> Das ist das Muster, nachdem ich es nachgearbeitet habe.<br \/>\nZwei der weissen Streifen haben Unterbrechungen bekommen, der breite schwarze Streifen ist weg, das Problem mit dem Aneinandersetzen der Musters\u00e4tze gibt es nicht mehr und ausserdem habe ich Teile des Musters etwas nach oben verlagert, um ein (wie ich finde) ausgewogeneres und leichter zu arbeitendes Muster zu bekommen.<\/p>\n<div class=\"clearboth\">&nbsp;<\/div>\n<p>(Zum Vergr\u00f6\u00dfern anklicken)<br \/>\n<a href=\"..\/uploads\/unikatissima_CA_pw_repeated.png\"><img loading=\"lazy\" src=\"..\/uploads\/unikatissima_CA_pw_repeated.png\" alt=\"unikatissima Cellular Automaton Generator\" width=\"204\" height=\"200\" class=\"alignleft size-medium\" \/><\/a> So w\u00fcrde das Muster aussehen, wenn man es sowohl senkrecht als auch waagerecht mehrfach arbeitet.<br \/>\nNa?<br \/>\nIch finde es richtig sch\u00f6n ;-)<\/p>\n<div class=\"clearboth\">&nbsp;<\/div>\n<p><img loading=\"lazy\" src=\"..\/uploads\/unikatissima_CA_pw_knitted.jpg\" alt=\"unikatissima Cellular Automaton Generator\" width=\"200\" height=\"236\" class=\"alignleft size-medium\" \/> Hier habe ich es einmal gestrickt (<a href=\"?p=2617\">andere Techniken<\/a> gehen nat\u00fcrlich auch).<br \/>\nEs sind ein paar Reihen mehr in der H\u00f6he, als der eigentliche Mustersatz und wie man sieht, passt alles wunderbar zusammen.<br \/>\nIch bin keine sehr erfahrene Mehr- Farbstrickerin, aber ich finde es wundersch\u00f6n (es ist nur deshalb leicht krumm, weil ich es noch nicht ged\u00e4mpft habe: Ich arbeite noch dran!).<br \/>\nNun muss ich nur noch herausfinden, was ich damit machen kann ;-)<\/p>\n<div class=\"clearboth\">&nbsp;<\/div>\n<p>(Zum Vergr\u00f6\u00dfern anklicken)<br \/>\n<a href=\"..\/uploads\/unikatissima_CA_pattern_pw.jpg\"><img loading=\"lazy\" src=\"..\/uploads\/unikatissima_CA_pattern_pw.jpg\" alt=\"unikatissima Cellular Automaton Generator\" width=\"200\" height=\"236\" class=\"alignleft size-medium\" \/><\/a> Ich habe das Muster, nachdem ich die \u00dcbersicht angepasst hatte, einfach manuell in mein <a href=\"#empty_chart\">Leerdiagramm<\/a> eingetragen.<br \/>\nDas geht ganz gut.<br \/>\nWenn Du Lust hast, kannst Du mein Muster hier links auch arbeiten, dazu einfach die Grafik speichern, drucken und arbeiten.<br \/>\nIch f\u00e4nd&#8216; es toll, wenn ich sp\u00e4ter Bilder davon sehen k\u00f6nnte.<\/p>\n<div class=\"clearboth\">&nbsp;<\/div>\n<p><a name=\"pattern2\"><\/a><br \/>\n<strong>Muster 2:<\/strong><br \/>\n<img loading=\"lazy\" src=\"..\/uploads\/unikatissima_CA99_orig.png\" alt=\"unikatissima Cellular Automaton Generator\" width=\"140\" height=\"68\" class=\"alignleft size-medium\" \/> Das fand ich auch fast sch\u00f6n.<\/p>\n<div class=\"clearboth\">&nbsp;<\/div>\n<p><img loading=\"lazy\" src=\"..\/uploads\/unikatissima_CA99_pw.png\" alt=\"unikatissima Cellular Automaton Generator\" width=\"196\" height=\"68\" class=\"alignleft size-medium\" \/> Das ist meine nachgearbeitete Version.<\/p>\n<div class=\"clearboth\">&nbsp;<\/div>\n<p>(Zum Vergr\u00f6\u00dfern anklicken)<br \/>\n<a href=\"..\/uploads\/unikatissima_CA99_pw_repeated.png\"><img loading=\"lazy\" src=\"..\/uploads\/unikatissima_CA99_pw_repeated.png\" alt=\"unikatissima Cellular Automaton Generator\" width=\"196\" height=\"23\" class=\"alignleft size-medium\" \/><\/a> Das ist die nachgearbeitete Version, wenn sie wiederholt wird.<br \/>\nHat was, nicht? <\/p>\n<div class=\"clearboth\">&nbsp;<\/div>\n<p>(Zum Vergr\u00f6\u00dfern anklicken)<br \/>\n<a href=\"..\/uploads\/unikatissima_CA99_pw_pattern.png\"><img loading=\"lazy\" src=\"..\/uploads\/unikatissima_CA99_pw_pattern.png\" alt=\"unikatissima Cellular Automaton Generator\" width=\"196\" height=\"91\" class=\"alignleft size-medium\" \/><\/a> Hier ist die Vorlage.<br \/>\nViel Spass beim <a href=\"?p=2617\">Stricken, H\u00e4keln, Perlenweben etc.<\/a> :)<\/p>\n<div class=\"clearboth\">&nbsp;<\/div>\n<p><a name=\"empty_chart\"><\/a><br \/>\n<strong>Leerdiagramm:<\/strong><br \/>\n(Zum Vergr\u00f6\u00dfern anklicken)<br \/>\n<a href=\"..\/uploads\/unikatissima_CA_empty_grid.png\"><img loading=\"lazy\" src=\"..\/uploads\/unikatissima_CA_empty_grid.png\" alt=\"unikatissima Cellular Automaton Generator\" width=\"200\" height=\"200\" class=\"alignleft size-medium\" \/><\/a> Hier ist mein leeres Diagramm zum Selber-nacharbeiten der Muster, die Dir gefallen.<br \/>\nDie Zehner-Linien sind schon drin, also einfach die Grafik abspeichern, drucken und geeignet ausf\u00fcllen ;-))<\/p>\n<div class=\"clearboth\">&nbsp;<\/div>\n","protected":false},"excerpt":{"rendered":"<p>H\u00e4ufig gestellte Fragen | DanksagungenFertig-Muster 1 | Fertig-Muster 2 | Leerdiagramm (Der Mustergenerator (Zellularautomat) funktioniert nicht mehr, weil Adobe den Flash Player eingestellt hat.) &nbsp; H\u00e4ufig gestellte Fragen: Frage: Wie sieht es eigentlich mit den Urheberrechten aus? Antwort: Ich dachte mir, dass ich es einfach halte ;-) Du darfst Dir soviele Muster erstellen lassen, wie &hellip; <a href=\"http:\/\/unikatissima.riamore.eu\/d\/?page_id=2808\" class=\"more-link\"><span class=\"screen-reader-text\">&#8222;Mustergenerator (Zellularautomat)&#8220; <\/span>weiterlesen<\/a><\/p>\n","protected":false},"author":1,"featured_media":0,"parent":0,"menu_order":80,"comment_status":"closed","ping_status":"closed","template":"","meta":[],"_links":{"self":[{"href":"http:\/\/unikatissima.riamore.eu\/d\/index.php?rest_route=\/wp\/v2\/pages\/2808"}],"collection":[{"href":"http:\/\/unikatissima.riamore.eu\/d\/index.php?rest_route=\/wp\/v2\/pages"}],"about":[{"href":"http:\/\/unikatissima.riamore.eu\/d\/index.php?rest_route=\/wp\/v2\/types\/page"}],"author":[{"embeddable":true,"href":"http:\/\/unikatissima.riamore.eu\/d\/index.php?rest_route=\/wp\/v2\/users\/1"}],"replies":[{"embeddable":true,"href":"http:\/\/unikatissima.riamore.eu\/d\/index.php?rest_route=%2Fwp%2Fv2%2Fcomments&post=2808"}],"version-history":[{"count":47,"href":"http:\/\/unikatissima.riamore.eu\/d\/index.php?rest_route=\/wp\/v2\/pages\/2808\/revisions"}],"predecessor-version":[{"id":18753,"href":"http:\/\/unikatissima.riamore.eu\/d\/index.php?rest_route=\/wp\/v2\/pages\/2808\/revisions\/18753"}],"wp:attachment":[{"href":"http:\/\/unikatissima.riamore.eu\/d\/index.php?rest_route=%2Fwp%2Fv2%2Fmedia&parent=2808"}],"curies":[{"name":"wp","href":"https:\/\/api.w.org\/{rel}","templated":true}]}}