{"id":2654,"date":"2009-04-15T08:05:27","date_gmt":"2009-04-15T06:05:27","guid":{"rendered":"http:\/\/unikatissima-d.riamore.eu\/?page_id=2654"},"modified":"2022-10-25T11:17:37","modified_gmt":"2022-10-25T09:17:37","slug":"labyrinth-generator","status":"publish","type":"page","link":"http:\/\/unikatissima.riamore.eu\/d\/?page_id=2654","title":{"rendered":"Labyrinthmuster-Generator"},"content":{"rendered":"<div class=\"links\"><a href=\"#faq\"><strong>H\u00e4ufig gestellte Fragen<\/strong><\/a> | <a href=\"#thank\"><strong>Danksagungen<\/strong><\/a> | <a href=\"#patterns\"><strong>Fertige Muster<\/strong><\/a><\/div>\n<div class=\"warn\"><em>(Der Labyrinthmuster-Generator funktioniert nicht mehr, weil Adobe den Flash Player eingestellt hat.)<\/em><\/div>\n<p><object id='mazegen' classid='clsid:D27CDB6E-AE6D-11cf-96B8-444553540000' codebase='http:\/\/fpdownload.macromedia.com\/get\/flashplayer\/current\/swflash.cab' width='100%' height='550'><param name='src' value='https:\/\/www.riamore.eu\/riamaze\/MazeGen01.swf'\/><param name='flashVars' value='lang=d'\/><param name=\"allowScriptAccess\" value=\"always\"\/><embed name='mazegen' src='https:\/\/www.riamore.eu\/riamaze\/MazeGen01.swf' pluginspage='http:\/\/www.adobe.com\/go\/getflashplayer' width='100%' height='550' flashVars='lang=d' allowScriptAccess=\"always\"\/><\/object><\/p>\n<div class=\"clearboth\">&nbsp;<\/div>\n<p><a name=\"faq\"><\/a><br \/>\n<em><strong>H\u00e4ufig gestellte Fragen:<\/strong><\/em><\/p>\n<ul>\n<li><em><strong>Frage:<\/strong><\/em> <span class=\"question\">Wie sieht es eigentlich mit den Urheberrechten aus?<\/span><br \/>\n        <em><strong>Antwort:<\/strong><\/em><br \/>\nIch dachte mir, dass ich es einfach halte ;-)<br \/>\n<em><strong>Du darfst<\/strong><\/em><\/p>\n<ul>\n<li>Dir soviele Labyrinthe erstellen lassen, wie Du m\u00f6chtest,<\/li>\n<li>die Muster anpassen und variieren und<\/li>\n<li>aus den originalen oder Deinen Mustern herstellen, was Dir gef\u00e4llt;<\/li>\n<li>die hergestellten Sachen gerne verkaufen und<\/li>\n<li>gerne auf diese Seite verlinken oder<\/li>\n<li>unikatissima irgendwo erw\u00e4hnen ;)<\/li>\n<\/ul>\n<ul>\n<li><em><strong>nicht<\/strong><\/em> mit meinem Labyrinthmuster-Generator erstellte Labyrinthe verkaufen!<\/li>\n<li><em><strong>nicht<\/strong><\/em> meinen Labyrinthmuster-Generator auf Deiner Seite einbinden;<\/li>\n<li><em><strong>nicht<\/strong><\/em> behaupten, dass die Muster von Dir w\u00e4ren.<\/li>\n<\/ul>\n<p>&nbsp;<br \/>&nbsp;<\/li>\n<li><em><strong>Frage:<\/strong><\/em> <span class=\"question\">Warum hat das Labyrinth hat keinen Eingang oder Ausgang?<\/span><br \/>\n        <em><strong>Antwort:<\/strong><\/em><br \/>\nIch habe sie weggelassen, weil jeder sich Eing\u00e4nge und Ausg\u00e4nge selbst platzieren kann, wieviel und wo er\/sie m\u00f6chte.<br \/>\nDazu einfach irgendwo am Rand (jeweils) ein K\u00e4stchen (neben einem weissen K\u00e4stchen) &#8218;wegradieren&#8216;.<br \/>\n<br \/>&nbsp;<\/li>\n<li><em><strong>Frage:<\/strong><\/em> <span class=\"question\">Was kann ich au\u00dfer Fileth\u00e4keln und Kreuzstich noch mit den Mustern machen?<\/span><br \/>\n        <em><strong>Antwort:<\/strong><\/em><br \/>\nDie Antwort hat zwei Teile:<\/p>\n<ul>\n<li>Solche Muster kann man mit ganz vielen Techniken &#8218;bearbeiten&#8216;, guck&#8216; mal meinen Beitrag dar\u00fcber, <a href=\"?p=2617\">was man alles mit Fileth\u00e4kel-\/Kreuzstich-Diagrammen machen kann<\/a>;<\/li>\n<li>speziell die Labyrinthe sind wie gemacht zum <a href=\"?p=2392\">mosaik- bzw. hebemaschenstricken<\/a>. Ein sehr sch\u00f6nes Beispiel daf\u00fcr sieht man auf dem Foto <a href=\"?p=2653\">dieses Beitrags<\/a>, ein Paar Pulsw\u00e4rmer, die ich damit gestrickt habe.<\/li>\n<\/ul>\n<p>&nbsp;<\/li>\n<li><em><strong>Frage:<\/strong><\/em> <span class=\"question\">Wenn ich eine gerade Zahl an K\u00e4stchen eingebe, macht mir der Labyrinthmuster-Generator drei K\u00e4stchen mehr. Warum?<\/span><br \/>\n        <em><strong>Antwort:<\/strong><\/em><br \/>\nDie Antwort hat zwei Teile:<\/p>\n<ul>\n<li>Der weisse Rand z\u00e4hlt nicht zur Labyrinth-Breite bzw. -H\u00f6he dazu, das sind also zwei K\u00e4stchen mehr, als eingegeben.<br \/>\nDas gilt \u00fcbrigens auch bei Eingabe einer ungeraden Breite resp. H\u00f6he.<br \/>\nIch habe festgestellt, dass es ganz praktisch ist, diesen Rand zu haben, selbst wenn ich ihn meistens ignoriere.<\/li>\n<li>Das Labyrinthmuster l\u00e4sst sich nur in ungeraden Breiten\/H\u00f6hen erstellen (ansonsten fehlte eine Wand), deshalb habe ich bei gerader Eingabe ein K\u00e4stchen hinzugef\u00fcgt.<\/li>\n<\/ul>\n<p>&nbsp;<\/li>\n<li><em><strong>Frage:<\/strong><\/em> <span class=\"question\">Das Abspeichern der \u00dcbersicht oder des Musters dauert manchmal ganz sch\u00f6n lange! Warum?<\/span><br \/>\n        <em><strong>Antwort:<\/strong><\/em><br \/>\nDie Antwort hat zwei Teile:<\/p>\n<ul>\n<li>Einmal h\u00e4ngt die Zeit, die der Labyrinthmuster-Generator zum Speichern der Diagramme ben\u00f6tigt von der Gr\u00f6\u00dfe der Grafiken ab.<\/li>\n<li>Solltest Du noch den Flash Player 9 verwenden, funktioniert zwar alles, das Abspeichern braucht aber l\u00e4nger als beim Flash Player 10.<br \/>\nSolltest Du Deinen <a href=\"http:\/\/get.adobe.com\/de\/flashplayer\/\">Flash Player aktualisieren<\/a> wollen, kannst Du das direkt bei Adobe tun.<br \/>\nWenn Du nicht weisst, welche Version Du hast, kannst Du ebenfalls bei Adobe die <a href=\"http:\/\/kb.adobe.com\/selfservice\/viewContent.do?externalId=tn_15507\">Version ausgeben lassen<\/a>.<\/li>\n<\/ul>\n<p>&nbsp;<\/li>\n<li><em><strong>Frage:<\/strong><\/em> <span class=\"question\">Meine Freundin kann gr\u00f6\u00dfere Labyrinthe erstellen lassen als ich. Warum?<\/span><br \/>\n        <em><strong>Antwort:<\/strong><\/em><br \/>\nDas ist abh\u00e4ngig davon, welche Flash Player Version man verwendet, Version 9 oder 10. Der Flash Player 10 kann gr\u00f6\u00dfere Labyrinthe erstellen.<br \/>\nSolltest Du Deinen <a href=\"http:\/\/get.adobe.com\/de\/flashplayer\/\">Flash Player aktualisieren<\/a> wollen, kannst Du das direkt bei Adobe tun.<br \/>\nWenn Du nicht weisst, welche Version Du hast, kannst Du ebenfalls bei Adobe die <a href=\"http:\/\/kb.adobe.com\/selfservice\/viewContent.do?externalId=tn_15507\">Version ausgeben lassen<\/a>.<br \/>&nbsp;<br \/>&nbsp;<\/li>\n<li><em><strong>Frage:<\/strong><\/em> <span class=\"question\">Wozu gibt es die Labyrinth-\u00dcbersicht und das Labyrinth-Muster?<\/span><br \/>\n        <em><strong>Antwort:<\/strong><\/em><br \/>\n<img loading=\"lazy\" src=\"..\/uploads\/unikatissima_maze_pattern.png\" alt=\"unikatissima Maze Generator\" width=\"120\" height=\"120\" class=\"alignleft size-medium\" \/> <img loading=\"lazy\" src=\"..\/uploads\/unikatissima_maze.png\" alt=\"unikatissima Maze Generator\" width=\"34\" height=\"34\" class=\"alignleft size-medium\" \/> Die \u00dcbersicht ist das kleine Bild, das Muster das gro\u00dfe, nach dem man <a href=\"?p=2617\">in verschiedenen Techniken arbeiten kann<\/a>.<br \/>\nIch lasse mir gerne verschiedene Labyrinthe erstellen und habe dabei festgestellt, dass ich bei den eigentlichen Vorlagen nicht gut sehen kann, ob sie mir gefallen. Darum vergleiche ich immer die \u00dcbersichten und drucke mir dann die Labyrinth-Vorlage mit demselben Namensk\u00fcrzel hintendran, z.B. hei\u00dft die \u00dcbersicht &#8218;unikatissima_maze_<em><strong>7kD<\/strong><\/em>.png&#8216; und die Vorlage &#8218;unikatissima_maze_pattern_<em><strong>7kD<\/strong><\/em>.png&#8216;.<br \/>&nbsp;<br \/>&nbsp;<\/li>\n<li><em><strong>Frage:<\/strong><\/em> <span class=\"question\">Die Bilder, die ich abspeichere, haben so komische Namen. Warum?<\/span><br \/>\n        <em><strong>Antwort:<\/strong><\/em><br \/>\n<img loading=\"lazy\" src=\"..\/uploads\/unikatissima_maze_pattern.png\" alt=\"unikatissima Maze Generator\" width=\"120\" height=\"120\" class=\"alignleft size-medium\" \/> <img loading=\"lazy\" src=\"..\/uploads\/unikatissima_maze.png\" alt=\"unikatissima Maze Generator\" width=\"34\" height=\"34\" class=\"alignleft size-medium\" \/> Die \u00dcbersicht, das ist das kleine Bild, hei\u00dft immer &#8218;unikatissima_maze_***.png&#8216;, wobei &#8218;***&#8216; f\u00fcr eine beliebige Buchstaben-\/Ziffernkombination steht.<br \/>\nDas Muster, das gr\u00f6\u00dfere Bild nach dem man <a href=\"?p=2617\">in verschiedenen Techniken arbeiten kann<\/a> hei\u00dft immer &#8218;unikatissima_maze_pattern_***.png&#8216;, wobei &#8218;***&#8216; f\u00fcr dieselbe beliebige Buchstaben-\/Ziffernkombination steht wie sie die \u00dcbersicht hat. Z.B. hei\u00dft die \u00dcbersicht &#8218;unikatissima_maze_<em><strong>7kD<\/strong><\/em>.png&#8216; und die Vorlage &#8218;unikatissima_maze_pattern_<em><strong>7kD<\/strong><\/em>.png&#8216;.<br \/>\nDamit lassen sich beide leicht einander zuordnen, wenn man sich ein sch\u00f6nes Labyrinth herausgesucht hat.<br \/>&nbsp;<br \/>&nbsp;<\/li>\n<div class=\"clearboth\">&nbsp;<\/div>\n<p><a name=\"thank\"><\/a><br \/>\n<em><strong>Danksagungen:<\/strong><\/em>\n<\/ul>\n<ul>\n<li>Zum einen m\u00f6chte ich John Lauro f\u00fcr einerseits seinen wunderbaren <a href=\"http:\/\/hereandabove.com\/maze\/mazeorig.form.html\">Maze Maker<\/a> danken, ganz besonders aber daf\u00fcr, dass er freundlicherweise den <a href=\"http:\/\/hereandabove.com\/maze\/maze.algorithm.html\">Algorithmus<\/a> ver\u00f6ffentlicht hat.<br \/>\nDas hat es mir sehr viel einfacher gemacht, genauso sch\u00f6ne Labyrinthe wie seine erstellen zu lassen :)<\/li>\n<li>Zum anderen m\u00f6chte ich <a href=\"https:\/\/www.riamore.eu\/\">RIAmore.eu<\/a> danken.<br \/>\nAlleine h\u00e4tte ich <em>eeewig<\/em> gebraucht, um mein urspr\u00fcngliches Programm in Flash umzusetzen.<br \/>\nMan kann auch <a href=\"https:\/\/www.riamore.eu\/content\/riamaze-generator\">mehr zum Labyrinth-Generator lesen<\/a>.<\/li>\n<\/ul>\n<div class=\"clearboth\">&nbsp;<\/div>\n<p><a name=\"patterns\"><\/a><br \/>\n<em><strong>Fertige Muster:<\/strong><\/em><br \/>\nIm Laufe der Arbeit an meinem Labyrinthmuster-Generator habe ich nat\u00fcrlich <em>viiiele<\/em> Labyrinthe generieren lassen &#8211; und die meisten fand ich sch\u00f6n genug, um sie mir abzuspeichern.<br \/>\nEin paar davon stelle ich hier zur Verwendung ein. Einfach mit der rechten Maustaste draufklicken und &#8218;Bild speichern unter&#8230;&#8216; (oder so \u00e4hnlich) ausw\u00e4hlen.<br \/>\nIch empfehle, die \u00dcbersicht jeweils mitzuspeichern!<br \/>\n<em><strong>Bitte beachte, dass Du mit dem Herunterladen meinen <a href=\"#faq\">Urheberrechts- vorgaben<\/a> zustimmst.<\/strong><\/em><\/p>\n<p>Hier findest Du \u00fcberwiegend quadratische Muster, aber denk&#8216; dran, Deine St\u00fccke k\u00f6nnen ziemlich anders aussehen, wenn die jeweilige Einheit, die durch ein K\u00e4stchen repr\u00e4sentiert wird, nicht quadratisch ist!<br \/>\nEine Einheit k\u00f6nnte z.B. ein Stich, eine Masche, eine Perle usw. sein. Siehe dazu auch den Beitrag <a href=\"?p=2617\">&#8218;Was kann man mit Fileth\u00e4kel-\/Kreuzstich-Diagrammen alles machen?&#8216;<\/a>.<\/p>\n<p>Und hier kommen sie:<\/p>\n<p>9 x 9 K\u00e4stchen<br \/>\n<img loading=\"lazy\" src=\"..\/uploads\/unikatissima_maze_5Un.png\" alt=\"unikatissima Maze Generator\" width=\"30\" height=\"30\" class=\"alignleft size-medium\" \/> <img loading=\"lazy\" src=\"..\/uploads\/unikatissima_maze_pattern_5Un.png\" alt=\"unikatissima Maze Generator\" width=\"90\" height=\"90\" class=\"alignleft size-medium\" \/> <img loading=\"lazy\" src=\"..\/uploads\/unikatissima_maze_gX3.png\" alt=\"unikatissima Maze Generator\" width=\"30\" height=\"30\" class=\"alignright size-medium\" \/> <img loading=\"lazy\" src=\"..\/uploads\/unikatissima_maze_pattern_gX3.png\" alt=\"unikatissima Maze Generator\" width=\"90\" height=\"90\" class=\"alignright size-medium\" \/> <\/p>\n<div class=\"clearboth\">&nbsp;<\/div>\n<p>17 x 17 K\u00e4stchen<br \/>\n<img loading=\"lazy\" src=\"..\/uploads\/unikatissima_maze_6gU.png\" alt=\"unikatissima Maze Generator\" width=\"40\" height=\"40\" class=\"alignleft size-medium\" \/> <img loading=\"lazy\" src=\"..\/uploads\/unikatissima_maze_pattern_6gU.png\" alt=\"unikatissima Maze Generator\" width=\"120\" height=\"120\" class=\"alignleft size-medium\" \/> <img loading=\"lazy\" src=\"..\/uploads\/unikatissima_maze_7gR.png\" alt=\"unikatissima Maze Generator\" width=\"40\" height=\"40\" class=\"alignright size-medium\" \/> <img loading=\"lazy\" src=\"..\/uploads\/unikatissima_maze_pattern_7gR.png\" alt=\"unikatissima Maze Generator\" width=\"120\" height=\"120\" class=\"alignright size-medium\" \/> <\/p>\n<div class=\"clearboth\">&nbsp;<\/div>\n<p>19 x 15 K\u00e4stchen<br \/>\n<img loading=\"lazy\" src=\"..\/uploads\/unikatissima_maze_5Gy.png\" alt=\"unikatissima Maze Generator\" width=\"51\" height=\"40\" class=\"alignleft size-medium\" \/> <img loading=\"lazy\" src=\"..\/uploads\/unikatissima_maze_pattern_5Gy.png\" alt=\"unikatissima Maze Generator\" width=\"130\" height=\"97\" class=\"alignleft size-medium\" \/> <img loading=\"lazy\" src=\"..\/uploads\/unikatissima_maze_7Oe.png\" alt=\"unikatissima Maze Generator\" width=\"51\" height=\"40\" class=\"alignright size-medium\" \/> <img loading=\"lazy\" src=\"..\/uploads\/unikatissima_maze_pattern_7Oe.png\" alt=\"unikatissima Maze Generator\" width=\"130\" height=\"97\" class=\"alignright size-medium\" \/> <\/p>\n<div class=\"clearboth\">&nbsp;<\/div>\n<p>Von jetzt an anklicken zum Vergr\u00f6\u00dfern:<br \/>\n33 x 33 K\u00e4stchen<br \/>\n<a href=\"..\/uploads\/unikatissima_maze_7Kd.png\"><img loading=\"lazy\" src=\"..\/uploads\/unikatissima_maze_7Kd.png\" alt=\"unikatissima Maze Generator\" width=\"60\" height=\"60\" class=\"alignleft size-medium\" \/><\/a> <a href=\"..\/uploads\/unikatissima_maze_pattern_7Kd.png\"><img loading=\"lazy\" src=\"..\/uploads\/unikatissima_maze_pattern_7Kd.png\" alt=\"unikatissima Maze Generator\" width=\"200\" height=\"200\" class=\"alignleft size-medium\" \/><\/a><\/p>\n<div class=\"clearboth\">&nbsp;<\/div>\n<p>33 x 33 K\u00e4stchen<br \/>\n<a href=\"..\/uploads\/unikatissima_maze_4nV.png\"><img loading=\"lazy\" src=\"..\/uploads\/unikatissima_maze_4nV.png\" alt=\"unikatissima Maze Generator\" width=\"60\" height=\"60\" class=\"alignleft size-medium\" \/><\/a> <a href=\"..\/uploads\/unikatissima_maze_pattern_4nV.png\"><img loading=\"lazy\" src=\"..\/uploads\/unikatissima_maze_pattern_4nV.png\" alt=\"unikatissima Maze Generator\" width=\"200\" height=\"200\" class=\"alignleft size-medium\" \/> <\/a><\/p>\n<div class=\"clearboth\">&nbsp;<\/div>\n<p>103 x 53 K\u00e4stchen<br \/>\n<a href=\"..\/uploads\/unikatissima_maze_5Pu.png\"><img loading=\"lazy\" src=\"..\/uploads\/unikatissima_maze_5Pu.png\" alt=\"unikatissima Maze Generator\" width=\"206\" height=\"106\" class=\"alignleft size-medium\" \/><\/a> <a href=\"..\/uploads\/unikatissima_maze_pattern_5Pu.png\"><img loading=\"lazy\" src=\"..\/uploads\/unikatissima_maze_pattern_5Pu.png\" alt=\"unikatissima Maze Generator\" width=\"450\" height=\"232\" class=\"alignleft size-medium\" \/><\/a><\/p>\n<div class=\"clearboth\">&nbsp;<\/div>\n<p>103 x 53 K\u00e4stchen<br \/>\n<a href=\"..\/uploads\/unikatissima_maze_3Sc.png\"><img loading=\"lazy\" src=\"..\/uploads\/unikatissima_maze_3Sc.png\" alt=\"unikatissima Maze Generator\" width=\"206\" height=\"106\" class=\"alignleft size-medium\" \/><\/a> <a href=\"..\/uploads\/unikatissima_maze_pattern_3Sc.png\"><img loading=\"lazy\" src=\"..\/uploads\/unikatissima_maze_pattern_3Sc.png\" alt=\"unikatissima Maze Generator\" width=\"450\" height=\"232\" class=\"alignleft size-medium\" \/> <\/a><\/p>\n<div class=\"clearboth\">&nbsp;<\/div>\n<p>53 x 53 K\u00e4stchen<br \/>\n<a href=\"..\/uploads\/unikatissima_maze_4fM.png\"><img loading=\"lazy\" src=\"..\/uploads\/unikatissima_maze_4fM.png\" alt=\"unikatissima Maze Generator\" width=\"106\" height=\"106\" class=\"alignleft size-medium\" \/><\/a> <a href=\"..\/uploads\/unikatissima_maze_pattern_4fM.png\"><img loading=\"lazy\" src=\"..\/uploads\/unikatissima_maze_pattern_4fM.png\" alt=\"unikatissima Maze Generator\" width=\"300\" height=\"300\" class=\"alignleft size-medium\" \/> <\/a><\/p>\n<div class=\"clearboth\">&nbsp;<\/div>\n<p>53 x 53 K\u00e4stchen<br \/>\n<a href=\"..\/uploads\/unikatissima_maze_o6L.png\"><img loading=\"lazy\" src=\"..\/uploads\/unikatissima_maze_o6L.png\" alt=\"unikatissima Maze Generator\" width=\"106\" height=\"106\" class=\"alignleft size-medium\" \/><\/a> <a href=\"..\/uploads\/unikatissima_maze_pattern_o6L.png\"><img loading=\"lazy\" src=\"..\/uploads\/unikatissima_maze_pattern_o6L.png\" alt=\"unikatissima Maze Generator\" width=\"300\" height=\"300\" class=\"alignleft size-medium\" \/> <\/a><\/p>\n<div class=\"clearboth\">&nbsp;<\/div>\n<p>313 x 313 K\u00e4stchen<br \/>\n<a href=\"..\/uploads\/unikatissima_maze_7jF.png\"><img loading=\"lazy\" src=\"..\/uploads\/unikatissima_maze_7jF.png\" alt=\"unikatissima Maze Generator\" width=\"450\" height=\"450\" class=\"alignleft size-medium\" \/><\/a> <a href=\"..\/uploads\/unikatissima_maze_pattern_7jF.png\"><\/p>\n<div class=\"clearboth\">&nbsp;<\/div>\n<p>Zum Ansehen der Vorlage hier klicken, das Bild ist einfach zu gro\u00df.<\/a><\/p>\n<div class=\"clearboth\">&nbsp;<\/div>\n<p>313 x 313 K\u00e4stchen<br \/>\n<a href=\"..\/uploads\/unikatissima_maze_7qB.png\"><img loading=\"lazy\" src=\"..\/uploads\/unikatissima_maze_7qB.png\" alt=\"unikatissima Maze Generator\" width=\"450\" height=\"450\" class=\"alignleft size-medium\" \/><\/a> <a href=\"..\/uploads\/unikatissima_maze_pattern_7qB.png\"><\/p>\n<div class=\"clearboth\">&nbsp;<\/div>\n<p>Zum Ansehen der Vorlage hier klicken, das Bild ist einfach zu gro\u00df.<\/a><\/p>\n<div class=\"clearboth\">&nbsp;<\/div>\n","protected":false},"excerpt":{"rendered":"<p>H\u00e4ufig gestellte Fragen | Danksagungen | Fertige Muster (Der Labyrinthmuster-Generator funktioniert nicht mehr, weil Adobe den Flash Player eingestellt hat.) &nbsp; H\u00e4ufig gestellte Fragen: Frage: Wie sieht es eigentlich mit den Urheberrechten aus? Antwort: Ich dachte mir, dass ich es einfach halte ;-) Du darfst Dir soviele Labyrinthe erstellen lassen, wie Du m\u00f6chtest, die Muster &hellip; <a href=\"http:\/\/unikatissima.riamore.eu\/d\/?page_id=2654\" class=\"more-link\"><span class=\"screen-reader-text\">&#8222;Labyrinthmuster-Generator&#8220; <\/span>weiterlesen<\/a><\/p>\n","protected":false},"author":1,"featured_media":0,"parent":0,"menu_order":70,"comment_status":"closed","ping_status":"closed","template":"","meta":[],"_links":{"self":[{"href":"http:\/\/unikatissima.riamore.eu\/d\/index.php?rest_route=\/wp\/v2\/pages\/2654"}],"collection":[{"href":"http:\/\/unikatissima.riamore.eu\/d\/index.php?rest_route=\/wp\/v2\/pages"}],"about":[{"href":"http:\/\/unikatissima.riamore.eu\/d\/index.php?rest_route=\/wp\/v2\/types\/page"}],"author":[{"embeddable":true,"href":"http:\/\/unikatissima.riamore.eu\/d\/index.php?rest_route=\/wp\/v2\/users\/1"}],"replies":[{"embeddable":true,"href":"http:\/\/unikatissima.riamore.eu\/d\/index.php?rest_route=%2Fwp%2Fv2%2Fcomments&post=2654"}],"version-history":[{"count":112,"href":"http:\/\/unikatissima.riamore.eu\/d\/index.php?rest_route=\/wp\/v2\/pages\/2654\/revisions"}],"predecessor-version":[{"id":18751,"href":"http:\/\/unikatissima.riamore.eu\/d\/index.php?rest_route=\/wp\/v2\/pages\/2654\/revisions\/18751"}],"wp:attachment":[{"href":"http:\/\/unikatissima.riamore.eu\/d\/index.php?rest_route=%2Fwp%2Fv2%2Fmedia&parent=2654"}],"curies":[{"name":"wp","href":"https:\/\/api.w.org\/{rel}","templated":true}]}}