{"id":18762,"date":"2022-10-25T11:50:55","date_gmt":"2022-10-25T09:50:55","guid":{"rendered":"http:\/\/unikatissima-d.riamore.eu\/?page_id=18762"},"modified":"2022-11-08T10:55:24","modified_gmt":"2022-11-08T08:55:24","slug":"nutzungsbedingungen","status":"publish","type":"page","link":"http:\/\/unikatissima.riamore.eu\/d\/?page_id=18762","title":{"rendered":"Nutzungsbedingungen"},"content":{"rendered":"<h4>Nutzung der Muster<\/h4>\n<p><strong>Wichtiger Hinweis:<\/strong> Dies sind die Nutzungsbedingungen f\u00fcr die meisten meiner Anleitungen und Muster.<br \/>\nWenn sie abweichen, habe ich das an auff\u00e4lliger Stelle erw\u00e4hnt.<\/p>\n<p>Alle meine Anleitungen und Muster sind <em><strong>urheberrechtlich gesch\u00fctzt<\/strong><\/em> (Text, Bilder usw.).<br \/>\nDie Dokumente\/Dateien sind <em><strong>ausschlie\u00dflich f\u00fcr Deinen pers\u00f6nlichen Gebrauch<\/strong><\/em> bestimmt.<\/p>\n<ul>\nDu darfst<\/p>\n<li>mit meinen Anleitungen St\u00fccke herstellen,<\/li>\n<li>die Muster anpassen\/variieren und<\/li>\n<li>die fertigen St\u00fccke verkaufen,<\/li>\n<li>eine Kopie der Dateien <em><strong>nur f\u00fcr den pers\u00f6nlichen Gebrauch<\/strong><\/em> drucken und<\/li>\n<li>einen Link zu meinem Blog (<a href=\"http:\/\/unikatissima-d.riamore.eu\/\">www.unikatissima.de\/d\/<\/a>) oder zu meinen ravelry Seiten (<a href=\"http:\/\/www.ravelry.com\/designers\/susann-hajjar\" target=\"_blank\" rel=\"noopener\">www.ravelry.com\/designers\/susann-hajjar<\/a>) setzen, um Freunden von dem jeweiligen Dokument zu erz\u00e4hlen;<\/li>\n<\/ul>\n<ul>\n<li>\n<ul class=\"nomarginb\"><strong>nicht<\/strong> die Dateien verteilen:<\/p>\n<li>kein (Wieder)Verkauf von Dateien oder gedruckten Kopien des Dokuments,<\/li>\n<li>keine Verteilung, weder umsonst noch f\u00fcr Geld, weder digital noch auf Papier,<\/li>\n<li>keine Ver\u00f6ffentlichung im Internet (z.B. Foren, Blogs etc.) oder auf jedem anderen Medium;<\/li>\n<\/ul>\n<\/li>\n<li><strong>nicht<\/strong> St\u00fccke mit meinen Anleitungen\/Mustern massen-produzieren;<\/li>\n<li><strong>nicht<\/strong> die Anleitungen\/Muster als Deine ausgeben.<\/li>\n<\/ul>\n<p>Es w\u00e4re sch\u00f6n, wenn Du unikatissima erw\u00e4hnen k\u00f6nntest, ich w\u00fcrde mich wirklich dar\u00fcber freuen! Danke sch\u00f6n.<\/p>\n<h4>R\u00fcckgabe<\/h4>\n<p>Bisher biete ich nur PDFs an und wegen der Natur herunterladbarer Dateien muss ich den Umtausch oder die R\u00fcckgabe einer Datei ausschlie\u00dfen.<\/p>\n<h4>Versandkosten<\/h4>\n<p>Bisher biete ich nur PDFs an und so fallen keine Versandkosten an.<\/p>\n<h4>Mehrwertsteuer-Ausweis<\/h4>\n<p>Die angegebenen Preise sind Endpreise. Aufgrund der Kleinunternehmer-Regelung (\u00a7 19 Abs.1 UstG) erfolgt keine gesonderte Ausweisung der Mehrwertsteuer.<\/p>\n<h4>Datenschutz<\/h4>\n<p>S\u00e4mtliche anfallenden Daten werden nur soweit gespeichert, wie es f\u00fcr die Erf\u00fcllung gesetzlicher Bestimmungen notwendig ist.<\/p>\n","protected":false},"excerpt":{"rendered":"<p>Nutzung der Muster Wichtiger Hinweis: Dies sind die Nutzungsbedingungen f\u00fcr die meisten meiner Anleitungen und Muster. Wenn sie abweichen, habe ich das an auff\u00e4lliger Stelle erw\u00e4hnt. Alle meine Anleitungen und Muster sind urheberrechtlich gesch\u00fctzt (Text, Bilder usw.). Die Dokumente\/Dateien sind ausschlie\u00dflich f\u00fcr Deinen pers\u00f6nlichen Gebrauch bestimmt. Du darfst mit meinen Anleitungen St\u00fccke herstellen, die Muster &hellip; <a href=\"http:\/\/unikatissima.riamore.eu\/d\/?page_id=18762\" class=\"more-link\"><span class=\"screen-reader-text\">&#8222;Nutzungsbedingungen&#8220; <\/span>weiterlesen<\/a><\/p>\n","protected":false},"author":1,"featured_media":0,"parent":0,"menu_order":0,"comment_status":"closed","ping_status":"closed","template":"","meta":[],"_links":{"self":[{"href":"http:\/\/unikatissima.riamore.eu\/d\/index.php?rest_route=\/wp\/v2\/pages\/18762"}],"collection":[{"href":"http:\/\/unikatissima.riamore.eu\/d\/index.php?rest_route=\/wp\/v2\/pages"}],"about":[{"href":"http:\/\/unikatissima.riamore.eu\/d\/index.php?rest_route=\/wp\/v2\/types\/page"}],"author":[{"embeddable":true,"href":"http:\/\/unikatissima.riamore.eu\/d\/index.php?rest_route=\/wp\/v2\/users\/1"}],"replies":[{"embeddable":true,"href":"http:\/\/unikatissima.riamore.eu\/d\/index.php?rest_route=%2Fwp%2Fv2%2Fcomments&post=18762"}],"version-history":[{"count":3,"href":"http:\/\/unikatissima.riamore.eu\/d\/index.php?rest_route=\/wp\/v2\/pages\/18762\/revisions"}],"predecessor-version":[{"id":18795,"href":"http:\/\/unikatissima.riamore.eu\/d\/index.php?rest_route=\/wp\/v2\/pages\/18762\/revisions\/18795"}],"wp:attachment":[{"href":"http:\/\/unikatissima.riamore.eu\/d\/index.php?rest_route=%2Fwp%2Fv2%2Fmedia&parent=18762"}],"curies":[{"name":"wp","href":"https:\/\/api.w.org\/{rel}","templated":true}]}}